{"id":46,"date":"2021-10-05T14:13:25","date_gmt":"2021-10-05T12:13:25","guid":{"rendered":"https:\/\/progressia.hosttech.website\/?page_id=46"},"modified":"2021-11-08T10:35:55","modified_gmt":"2021-11-08T09:35:55","slug":"wirtschaftspruefung","status":"publish","type":"page","link":"https:\/\/www.progressia-au.ch\/de\/wirtschaftspruefung\/","title":{"rendered":"Wirtschaftspr\u00fcfung"},"content":{"rendered":"\t\t<div data-elementor-type=\"wp-page\" data-elementor-id=\"46\" class=\"elementor elementor-46\" data-elementor-post-type=\"page\">\n\t\t\t\t\t\t<section class=\"elementor-section elementor-top-section elementor-element elementor-element-5e24a47b elementor-section-boxed elementor-section-height-default elementor-section-height-default elementor-invisible\" data-id=\"5e24a47b\" data-element_type=\"section\" data-e-type=\"section\" data-settings=\"{&quot;background_background&quot;:&quot;classic&quot;,&quot;animation&quot;:&quot;fadeIn&quot;}\">\n\t\t\t\t\t\t\t<div class=\"elementor-background-overlay\"><\/div>\n\t\t\t\t\t\t\t<div class=\"elementor-container elementor-column-gap-default\">\n\t\t\t\t\t<div class=\"elementor-column elementor-col-100 elementor-top-column elementor-element elementor-element-17387fe6\" data-id=\"17387fe6\" data-element_type=\"column\" data-e-type=\"column\">\n\t\t\t<div class=\"elementor-widget-wrap elementor-element-populated\">\n\t\t\t\t\t\t<div class=\"elementor-element elementor-element-1df22357 elementor-invisible elementor-widget elementor-widget-heading\" data-id=\"1df22357\" data-element_type=\"widget\" data-e-type=\"widget\" data-settings=\"{&quot;_animation&quot;:&quot;fadeInUp&quot;,&quot;_animation_tablet&quot;:&quot;fadeIn&quot;}\" data-widget_type=\"heading.default\">\n\t\t\t\t<div class=\"elementor-widget-container\">\n\t\t\t\t\t<h1 class=\"elementor-heading-title elementor-size-default\">Wirtschafts&shy;pr\u00fcfung<\/h1>\t\t\t\t<\/div>\n\t\t\t\t<\/div>\n\t\t\t\t\t<\/div>\n\t\t<\/div>\n\t\t\t\t\t<\/div>\n\t\t<\/section>\n\t\t\t\t<section class=\"elementor-section elementor-top-section elementor-element elementor-element-39c0e1e0 elementor-section-boxed elementor-section-height-default elementor-section-height-default\" data-id=\"39c0e1e0\" data-element_type=\"section\" data-e-type=\"section\" data-settings=\"{&quot;background_background&quot;:&quot;classic&quot;}\">\n\t\t\t\t\t\t<div class=\"elementor-container elementor-column-gap-default\">\n\t\t\t\t\t<div class=\"elementor-column elementor-col-100 elementor-top-column elementor-element elementor-element-5da58c1a\" data-id=\"5da58c1a\" data-element_type=\"column\" data-e-type=\"column\">\n\t\t\t<div class=\"elementor-widget-wrap elementor-element-populated\">\n\t\t\t\t\t\t<div class=\"elementor-element elementor-element-75bc74af elementor-invisible elementor-widget elementor-widget-text-editor\" data-id=\"75bc74af\" data-element_type=\"widget\" data-e-type=\"widget\" data-settings=\"{&quot;_animation&quot;:&quot;fadeIn&quot;,&quot;_animation_delay&quot;:200}\" data-widget_type=\"text-editor.default\">\n\t\t\t\t<div class=\"elementor-widget-container\">\n\t\t\t\t\t\t\t\t\t<p>Unser Pr\u00fcfungsansatz ist risikoorientiert, womit sich die Pr\u00fcfungsarbeiten dem Risiko der zu pr\u00fcfenden Unternehmung und nach den Grunds\u00e4tzen der Wesentlichkeit richten.<\/p>\t\t\t\t\t\t\t\t<\/div>\n\t\t\t\t<\/div>\n\t\t\t\t<div class=\"elementor-element elementor-element-a3658cb elementor-invisible elementor-widget elementor-widget-text-editor\" data-id=\"a3658cb\" data-element_type=\"widget\" data-e-type=\"widget\" data-settings=\"{&quot;_animation&quot;:&quot;fadeIn&quot;,&quot;_animation_delay&quot;:200}\" data-widget_type=\"text-editor.default\">\n\t\t\t\t<div class=\"elementor-widget-container\">\n\t\t\t\t\t\t\t\t\t<p>Um Ihnen einen gr\u00f6sstm\u00f6glichen Nutzen aus unseren Arbeiten zu bieten, wollen wir Ihre Branche und Ihr Gesch\u00e4ft genau kennen.<br \/>Dies erlaubt uns im Rahmen des Pr\u00fcfungsmandats auch als Berater t\u00e4tig zu sein und aufgrund unserer Erfahrung neue Impulse und Ideen in der Gestaltung der Organisation zu geben und damit das weitere Wachstum Ihrer Gesellschaft sicherzustellen.<\/p>\t\t\t\t\t\t\t\t<\/div>\n\t\t\t\t<\/div>\n\t\t\t\t<div class=\"elementor-element elementor-element-7c2dbd2b elementor-invisible elementor-widget elementor-widget-text-editor\" data-id=\"7c2dbd2b\" data-element_type=\"widget\" data-e-type=\"widget\" data-settings=\"{&quot;_animation&quot;:&quot;fadeIn&quot;,&quot;_animation_delay&quot;:200}\" data-widget_type=\"text-editor.default\">\n\t\t\t\t<div class=\"elementor-widget-container\">\n\t\t\t\t\t\t\t\t\t<p>Unser Pr\u00fcfungskonzept basiert auf folgenden prim\u00e4ren Faktoren:<\/p>\t\t\t\t\t\t\t\t<\/div>\n\t\t\t\t<\/div>\n\t\t\t\t\t<\/div>\n\t\t<\/div>\n\t\t\t\t\t<\/div>\n\t\t<\/section>\n\t\t\t\t<section class=\"elementor-section elementor-top-section elementor-element elementor-element-6cf59b2 elementor-section-boxed elementor-section-height-default elementor-section-height-default\" data-id=\"6cf59b2\" data-element_type=\"section\" data-e-type=\"section\" id=\"Planung\" data-settings=\"{&quot;background_background&quot;:&quot;classic&quot;}\">\n\t\t\t\t\t\t<div class=\"elementor-container elementor-column-gap-default\">\n\t\t\t\t\t<div class=\"elementor-column elementor-col-100 elementor-top-column elementor-element elementor-element-e3f9fd3\" data-id=\"e3f9fd3\" data-element_type=\"column\" data-e-type=\"column\">\n\t\t\t<div class=\"elementor-widget-wrap elementor-element-populated\">\n\t\t\t\t\t\t<div class=\"elementor-element elementor-element-792cf7e elementor-invisible elementor-widget elementor-widget-heading\" data-id=\"792cf7e\" data-element_type=\"widget\" data-e-type=\"widget\" data-settings=\"{&quot;_animation&quot;:&quot;fadeInUp&quot;}\" data-widget_type=\"heading.default\">\n\t\t\t\t<div class=\"elementor-widget-container\">\n\t\t\t\t\t<h2 class=\"elementor-heading-title elementor-size-default\">Planung<\/h2>\t\t\t\t<\/div>\n\t\t\t\t<\/div>\n\t\t\t\t<div class=\"elementor-element elementor-element-2becf56 elementor-widget-divider--view-line elementor-invisible elementor-widget elementor-widget-global elementor-global-448 elementor-widget-divider\" data-id=\"2becf56\" data-element_type=\"widget\" data-e-type=\"widget\" data-settings=\"{&quot;_animation&quot;:&quot;fadeInUp&quot;,&quot;_animation_delay&quot;:100}\" data-widget_type=\"divider.default\">\n\t\t\t\t<div class=\"elementor-widget-container\">\n\t\t\t\t\t\t\t<div class=\"elementor-divider\">\n\t\t\t<span class=\"elementor-divider-separator\">\n\t\t\t\t\t\t<\/span>\n\t\t<\/div>\n\t\t\t\t\t\t<\/div>\n\t\t\t\t<\/div>\n\t\t\t\t<div class=\"elementor-element elementor-element-2ff3e8f elementor-invisible elementor-widget elementor-widget-text-editor\" data-id=\"2ff3e8f\" data-element_type=\"widget\" data-e-type=\"widget\" data-settings=\"{&quot;_animation&quot;:&quot;fadeIn&quot;,&quot;_animation_delay&quot;:200}\" data-widget_type=\"text-editor.default\">\n\t\t\t\t<div class=\"elementor-widget-container\">\n\t\t\t\t\t\t\t\t\t<p>Die Planungsphase beinhaltet eine Analyse der wesentlichen Risikofaktoren, welche mit der Gesch\u00e4ftsleitung besprochen werden.<br \/>Dadurch werden Pr\u00fcfungsarbeiten in risikolosen oder unwesentlichen Bereichen vermieden.<br \/>Die besonderen W\u00fcnsche der Gesch\u00e4ftsf\u00fchrung k\u00f6nnen mitber\u00fccksichtigt werden.<\/p>\t\t\t\t\t\t\t\t<\/div>\n\t\t\t\t<\/div>\n\t\t\t\t<div class=\"elementor-element elementor-element-26d1b44 elementor-invisible elementor-widget elementor-widget-text-editor\" data-id=\"26d1b44\" data-element_type=\"widget\" data-e-type=\"widget\" data-settings=\"{&quot;_animation&quot;:&quot;fadeIn&quot;,&quot;_animation_delay&quot;:200}\" data-widget_type=\"text-editor.default\">\n\t\t\t\t<div class=\"elementor-widget-container\">\n\t\t\t\t\t\t\t\t\t<p>Das Resultat der ersten Phase ist der Pr\u00fcfplan, der mit der Gesch\u00e4ftsleitung ebenfalls besprochen wird.<\/p>\t\t\t\t\t\t\t\t<\/div>\n\t\t\t\t<\/div>\n\t\t\t\t\t<\/div>\n\t\t<\/div>\n\t\t\t\t\t<\/div>\n\t\t<\/section>\n\t\t\t\t<section class=\"elementor-section elementor-top-section elementor-element elementor-element-4843092 elementor-section-boxed elementor-section-height-default elementor-section-height-default\" data-id=\"4843092\" data-element_type=\"section\" data-e-type=\"section\" id=\"Pruefung\" data-settings=\"{&quot;background_background&quot;:&quot;classic&quot;}\">\n\t\t\t\t\t\t<div class=\"elementor-container elementor-column-gap-default\">\n\t\t\t\t\t<div class=\"elementor-column elementor-col-100 elementor-top-column elementor-element elementor-element-e933f39\" data-id=\"e933f39\" data-element_type=\"column\" data-e-type=\"column\">\n\t\t\t<div class=\"elementor-widget-wrap elementor-element-populated\">\n\t\t\t\t\t\t<div class=\"elementor-element elementor-element-716581a elementor-invisible elementor-widget elementor-widget-heading\" data-id=\"716581a\" data-element_type=\"widget\" data-e-type=\"widget\" data-settings=\"{&quot;_animation&quot;:&quot;fadeInUp&quot;}\" data-widget_type=\"heading.default\">\n\t\t\t\t<div class=\"elementor-widget-container\">\n\t\t\t\t\t<h2 class=\"elementor-heading-title elementor-size-default\">Pr\u00fcfung<\/h2>\t\t\t\t<\/div>\n\t\t\t\t<\/div>\n\t\t\t\t<div class=\"elementor-element elementor-element-0146ed3 elementor-widget-divider--view-line elementor-invisible elementor-widget elementor-widget-global elementor-global-448 elementor-widget-divider\" data-id=\"0146ed3\" data-element_type=\"widget\" data-e-type=\"widget\" data-settings=\"{&quot;_animation&quot;:&quot;fadeInUp&quot;,&quot;_animation_delay&quot;:100}\" data-widget_type=\"divider.default\">\n\t\t\t\t<div class=\"elementor-widget-container\">\n\t\t\t\t\t\t\t<div class=\"elementor-divider\">\n\t\t\t<span class=\"elementor-divider-separator\">\n\t\t\t\t\t\t<\/span>\n\t\t<\/div>\n\t\t\t\t\t\t<\/div>\n\t\t\t\t<\/div>\n\t\t\t\t<div class=\"elementor-element elementor-element-ce3c917 elementor-invisible elementor-widget elementor-widget-text-editor\" data-id=\"ce3c917\" data-element_type=\"widget\" data-e-type=\"widget\" data-settings=\"{&quot;_animation&quot;:&quot;fadeIn&quot;,&quot;_animation_delay&quot;:200}\" data-widget_type=\"text-editor.default\">\n\t\t\t\t<div class=\"elementor-widget-container\">\n\t\t\t\t\t\t\t\t\t<p>Die Aufnahme und Pr\u00fcfung des internen Kontrollsystems wird bereits anl\u00e4sslich einer Vorpr\u00fcfung durchgef\u00fchrt. Die zeitliche Aufteilung der Arbeit erm\u00f6glicht eine Verringerung der Belastung des Kundenpersonals w\u00e4hrend oder kurz nach der Abschlusserstellung.<\/p>\t\t\t\t\t\t\t\t<\/div>\n\t\t\t\t<\/div>\n\t\t\t\t<div class=\"elementor-element elementor-element-4aabaf0 elementor-invisible elementor-widget elementor-widget-text-editor\" data-id=\"4aabaf0\" data-element_type=\"widget\" data-e-type=\"widget\" data-settings=\"{&quot;_animation&quot;:&quot;fadeIn&quot;,&quot;_animation_delay&quot;:200}\" data-widget_type=\"text-editor.default\">\n\t\t\t\t<div class=\"elementor-widget-container\">\n\t\t\t\t\t\t\t\t\t<p>Die Aufnahme des internen Kontrollsystems erm\u00f6glicht uns, Schwachstellen in der Ablauforganisation festzustellen. Erkannte Schwachstellen sowie unternehmerische Vorschl\u00e4ge, die f\u00fcr die Gesch\u00e4ftsf\u00fchrung interessant sein k\u00f6nnten, werden mit der Gesch\u00e4ftsleitung diskutiert und in einem separaten Bericht festgehalten.<\/p>\t\t\t\t\t\t\t\t<\/div>\n\t\t\t\t<\/div>\n\t\t\t\t\t<\/div>\n\t\t<\/div>\n\t\t\t\t\t<\/div>\n\t\t<\/section>\n\t\t\t\t<section class=\"elementor-section elementor-top-section elementor-element elementor-element-fadacc1 elementor-section-boxed elementor-section-height-default elementor-section-height-default\" data-id=\"fadacc1\" data-element_type=\"section\" data-e-type=\"section\" id=\"Schlusspruefung\" data-settings=\"{&quot;background_background&quot;:&quot;classic&quot;}\">\n\t\t\t\t\t\t<div class=\"elementor-container elementor-column-gap-default\">\n\t\t\t\t\t<div class=\"elementor-column elementor-col-100 elementor-top-column elementor-element elementor-element-5b3ab05\" data-id=\"5b3ab05\" data-element_type=\"column\" data-e-type=\"column\">\n\t\t\t<div class=\"elementor-widget-wrap elementor-element-populated\">\n\t\t\t\t\t\t<div class=\"elementor-element elementor-element-2b9eb71 elementor-invisible elementor-widget elementor-widget-heading\" data-id=\"2b9eb71\" data-element_type=\"widget\" data-e-type=\"widget\" data-settings=\"{&quot;_animation&quot;:&quot;fadeInUp&quot;}\" data-widget_type=\"heading.default\">\n\t\t\t\t<div class=\"elementor-widget-container\">\n\t\t\t\t\t<h2 class=\"elementor-heading-title elementor-size-default\">Schlusspr\u00fcfung<\/h2>\t\t\t\t<\/div>\n\t\t\t\t<\/div>\n\t\t\t\t<div class=\"elementor-element elementor-element-16559cc elementor-widget-divider--view-line elementor-invisible elementor-widget elementor-widget-global elementor-global-448 elementor-widget-divider\" data-id=\"16559cc\" data-element_type=\"widget\" data-e-type=\"widget\" data-settings=\"{&quot;_animation&quot;:&quot;fadeInUp&quot;,&quot;_animation_delay&quot;:100}\" data-widget_type=\"divider.default\">\n\t\t\t\t<div class=\"elementor-widget-container\">\n\t\t\t\t\t\t\t<div class=\"elementor-divider\">\n\t\t\t<span class=\"elementor-divider-separator\">\n\t\t\t\t\t\t<\/span>\n\t\t<\/div>\n\t\t\t\t\t\t<\/div>\n\t\t\t\t<\/div>\n\t\t\t\t<div class=\"elementor-element elementor-element-7ac0f08 elementor-invisible elementor-widget elementor-widget-text-editor\" data-id=\"7ac0f08\" data-element_type=\"widget\" data-e-type=\"widget\" data-settings=\"{&quot;_animation&quot;:&quot;fadeIn&quot;,&quot;_animation_delay&quot;:200}\" data-widget_type=\"text-editor.default\">\n\t\t\t\t<div class=\"elementor-widget-container\">\n\t\t\t\t\t\t\t\t\t<p>Die Schlusspr\u00fcfung beginnt mit einer Besprechung mit der Gesch\u00e4ftsleitung bei der Abschlusserstellung.<br \/>Dies hat den Vorteil, dass noch vor Abschlusserstellung die wesentlichsten Aspekte des Abschlusses diskutiert werden k\u00f6nnen.<br \/>Das Gespr\u00e4ch mit einem Fachexperten soll dazu dienen, Fragen bei der Abschlusserstellung fr\u00fchzeitig zu kl\u00e4ren.<br \/>Diese Besprechung ist wichtig um die Schlusspr\u00fcfung effizient durchf\u00fchren zu k\u00f6nnen.<br \/>Mit dem Beizug unserer Steuerfachleute k\u00f6nnen auch Steuerfragen fr\u00fchzeitig beantwortet werden.<\/p>\t\t\t\t\t\t\t\t<\/div>\n\t\t\t\t<\/div>\n\t\t\t\t<div class=\"elementor-element elementor-element-a63fa79 elementor-invisible elementor-widget elementor-widget-text-editor\" data-id=\"a63fa79\" data-element_type=\"widget\" data-e-type=\"widget\" data-settings=\"{&quot;_animation&quot;:&quot;fadeIn&quot;,&quot;_animation_delay&quot;:200}\" data-widget_type=\"text-editor.default\">\n\t\t\t\t<div class=\"elementor-widget-container\">\n\t\t\t\t\t\t\t\t\t<p>Die Berichterstattung und die Ergebnisse der Schlusspr\u00fcfung werden mit der Gesch\u00e4ftsleitung zeitgerecht besprochen.<\/p>\t\t\t\t\t\t\t\t<\/div>\n\t\t\t\t<\/div>\n\t\t\t\t\t<\/div>\n\t\t<\/div>\n\t\t\t\t\t<\/div>\n\t\t<\/section>\n\t\t\t\t<\/div>\n\t\t","protected":false},"excerpt":{"rendered":"<p>Wirtschafts&shy;pr\u00fcfung Unser Pr\u00fcfungsansatz ist risikoorientiert, womit sich die Pr\u00fcfungsarbeiten dem Risiko der zu pr\u00fcfenden Unternehmung und nach den Grunds\u00e4tzen der Wesentlichkeit richten. Um Ihnen einen gr\u00f6sstm\u00f6glichen Nutzen aus unseren Arbeiten zu bieten, wollen wir Ihre Branche und Ihr Gesch\u00e4ft genau kennen.Dies erlaubt uns im Rahmen des Pr\u00fcfungsmandats auch als Berater t\u00e4tig zu sein und aufgrund [&hellip;]<\/p>\n","protected":false},"author":1,"featured_media":0,"parent":0,"menu_order":0,"comment_status":"closed","ping_status":"closed","template":"elementor_header_footer","meta":{"footnotes":""},"class_list":["post-46","page","type-page","status-publish","hentry"],"_links":{"self":[{"href":"https:\/\/www.progressia-au.ch\/de\/wp-json\/wp\/v2\/pages\/46","targetHints":{"allow":["GET"]}}],"collection":[{"href":"https:\/\/www.progressia-au.ch\/de\/wp-json\/wp\/v2\/pages"}],"about":[{"href":"https:\/\/www.progressia-au.ch\/de\/wp-json\/wp\/v2\/types\/page"}],"author":[{"embeddable":true,"href":"https:\/\/www.progressia-au.ch\/de\/wp-json\/wp\/v2\/users\/1"}],"replies":[{"embeddable":true,"href":"https:\/\/www.progressia-au.ch\/de\/wp-json\/wp\/v2\/comments?post=46"}],"version-history":[{"count":16,"href":"https:\/\/www.progressia-au.ch\/de\/wp-json\/wp\/v2\/pages\/46\/revisions"}],"predecessor-version":[{"id":853,"href":"https:\/\/www.progressia-au.ch\/de\/wp-json\/wp\/v2\/pages\/46\/revisions\/853"}],"wp:attachment":[{"href":"https:\/\/www.progressia-au.ch\/de\/wp-json\/wp\/v2\/media?parent=46"}],"curies":[{"name":"wp","href":"https:\/\/api.w.org\/{rel}","templated":true}]}}